{"id":6471,"date":"2022-05-20T14:15:09","date_gmt":"2022-05-20T12:15:09","guid":{"rendered":"https:\/\/raytech-group.com\/?post_type=product&#038;p=6471"},"modified":"2022-05-20T14:23:17","modified_gmt":"2022-05-20T12:23:17","slug":"raybat-v100","status":"publish","type":"product","link":"https:\/\/raytech-group.com\/de\/produkt\/raybat-v100\/","title":{"rendered":"RayBAT V100"},"content":{"rendered":"<div class=\"column\">\n<h3>F\u00fcr Camper von Campern<\/h3>\n<p>Man sollte annehmen, dass bei gro\u00dfen Fahrzeugen das Gewicht unwichtig sei, aber alle die ein Wohnmobil ihr eigen nennen, werden wohl ein Lied davon singen k\u00f6nnen, wie sehr sie auf die Zuladung achten m\u00fcssen.<\/p><\/div>\n<div class=\"column\">Wir wollen Ihnen eine Sorge nehmen und bieten daher 100 Ah Blei-\u00c4quivalent mit lediglich 5,9 kg an<\/div>\n<h3>Lange Standzeit &#8211; 1 Jahr ohne Energieverlust<\/h3>\n<p>Ein kalter Winter, eine lange Reise, eine u\u0308bervolle Garage oder fehlende Ersatzteile. Es gibt zahlreiche Gru\u0308nde, weshalb Sie ihr Fahrzeug eine la\u0308ngere Zeit nicht bewegen, doch es soll niemals an Ihrer Batterie scheitern!<\/p>\n<p>RayBat ko\u0308nnen ein Jahr lang stehen, ohne dass ein Nachladen erforderlich ist. Ideal fu\u0308r den Einsatz in Ihrem Oldtimer, aber auch Wohnmobil, Motorboot und sogar Ihrem Motorrad.<\/p>\n<h3>3-5x Lebensdauer<\/h3>\n<p>Je nach angeschlossener Peripherie und Ihrem Nutzungsverhalten, liegt die Lebensdauer der RayBat bei der drei bis fu\u0308nffachen Zeit im vergleich zu regula\u0308ren Autobatterien.<\/p>\n<p>Dies ermo\u0308glicht wesentlich mehr Ladezyklen.<\/p>\n<h3>Volle Kontrolle &#8211; Dank gratis App<\/h3>\n<p>Die kabellose Schnittstelle der Batterie ermo\u0308glicht eine genaue Aufzeichnung und Auswertung der Telemetrie.<\/p>\n<p>Zusa\u0308tzlich erkennt die Batterie automatisch la\u0308ngere Standzeiten und trennt dabei die Versorgung der Verbraucher und erha\u0308lt die Lebensdauer und schu\u0308tzt vor Entladung.<\/p>\n<p>Ein intelligenter Kill-Operation-Switch trennt vollst\u00e4ndig die RayBat vom Fahrzeug bei \u00dcberlastung, dies kann auch via Smartphone erfolgen. (Alternative zum Trennschalter f\u00fcr l\u00e4ngere Standzeiten)<\/p>\n<p>Das System ermo\u0308glicht au\u00dferdem einen aktiven Diebstahlschutz. Auf Wunsch la\u0308sst sich der Motor nur nach Eingabe eines Codes in der APP starten. Dabei werden die kleineren Abnehmer weiterhin versorgt. Der Diebstahlschutz ist vollkommen in der Batterie integriert und kann nicht mit einem Draht u\u0308berbru\u0308ckt werden!<\/p>\n<h3>Federleicht<\/h3>\n<section class=\"av_textblock_section \">\n<div class=\"avia_textblock av_inherit_color \">\n<div class=\"page\" title=\"Page 2\">\n<div class=\"page\" title=\"Page 2\">\n<div class=\"section\">\n<div class=\"layoutArea\">\n<div class=\"column\">\n<div class=\"page\" title=\"Page 2\">\n<div class=\"section\">\n<div class=\"layoutArea\">\n<div class=\"column\">\n<p>Aufgrund der speziellen Bauart der Batterie, kommt das System mit lediglich 20% des Gewichts einer konventionellen Autobatterie aus.<\/p>\n<\/div>\n<\/div>\n<\/div>\n<\/div>\n<\/div>\n<\/div>\n<\/div>\n<\/div>\n<\/div>\n<\/div>\n<\/section>\n","protected":false},"excerpt":{"rendered":"<section class=\"av_textblock_section av-kur2sd74-d2e152f0bab49850bcb591740a11d9ee\">\n<div class=\"avia_textblock\">\n<ul>\n<li>5,9kg Eigengewicht<\/li>\n<li>335\/175\/190 mm [l\/b\/h] inklusive Halterahmen<\/li>\n<li>1800 Startstrom<\/li>\n<li>50 bis 100 Ah Pb-EQ<\/li>\n<li>40 Ah Nennkapazit\u00e4t<\/li>\n<li>12,8V Nominalspannung<\/li>\n<li>15,2V Maximalspannung<\/li>\n<li>-20 bis +60\u00b0C Einsatztemperatur<\/li>\n<li>Selbstentladung &lt;5% pro Monat<\/li>\n<li>Drei bis f\u00fcnffache Lebensdauer im Vergleich zu gew\u00f6hnlichen Batterien*<\/li>\n<\/ul>\n<p>*Abh\u00e4ngig von Art der Nutzung, Setup und der angeschlossenen Peripherie<\/p>\n<\/div>\n<\/section>\n","protected":false},"featured_media":5921,"template":"","meta":[],"product_cat":[77,79],"product_tag":[76,78,88,87,80,89,86,90],"yoast_head":"<!-- This site is optimized with the Yoast SEO plugin v20.5 - https:\/\/yoast.com\/wordpress\/plugins\/seo\/ -->\n<title>RayBAT V100 - Raytech Group<\/title>\n<meta name=\"description\" content=\"RayBAT, das Powerhouse f\u00fcr den Camper. 100Ah Pb-EQ mit einer Selbstentladung von weniger als 5% und das mit nur 5,9kg!\" \/>\n<meta name=\"robots\" content=\"index, follow, max-snippet:-1, max-image-preview:large, max-video-preview:-1\" \/>\n<link rel=\"canonical\" href=\"https:\/\/raytech-group.com\/de\/produkt\/raybat-v100\/\" \/>\n<meta property=\"og:locale\" content=\"de_DE\" \/>\n<meta property=\"og:type\" content=\"article\" \/>\n<meta property=\"og:title\" content=\"RayBAT V100 - Raytech Group\" \/>\n<meta property=\"og:description\" content=\"RayBAT, das Powerhouse f\u00fcr den Camper. 100Ah Pb-EQ mit einer Selbstentladung von weniger als 5% und das mit nur 5,9kg!\" \/>\n<meta property=\"og:url\" content=\"https:\/\/raytech-group.com\/de\/produkt\/raybat-v100\/\" \/>\n<meta property=\"og:site_name\" content=\"Raytech Group\" \/>\n<meta property=\"article:modified_time\" content=\"2022-05-20T12:23:17+00:00\" \/>\n<meta property=\"og:image\" content=\"https:\/\/raytech-group.com\/wp-content\/uploads\/2021\/10\/RayBAT-V-100.jpg\" \/>\n\t<meta property=\"og:image:width\" content=\"1000\" \/>\n\t<meta property=\"og:image:height\" content=\"1000\" \/>\n\t<meta property=\"og:image:type\" content=\"image\/jpeg\" \/>\n<meta name=\"twitter:card\" content=\"summary_large_image\" \/>\n<meta name=\"twitter:label1\" content=\"Gesch\u00e4tzte Lesezeit\" \/>\n\t<meta name=\"twitter:data1\" content=\"2\u00a0Minuten\" \/>\n<script type=\"application\/ld+json\" class=\"yoast-schema-graph\">{\"@context\":\"https:\/\/schema.org\",\"@graph\":[{\"@type\":\"WebPage\",\"@id\":\"https:\/\/raytech-group.com\/de\/produkt\/raybat-v100\/\",\"url\":\"https:\/\/raytech-group.com\/de\/produkt\/raybat-v100\/\",\"name\":\"RayBAT V100 - Raytech Group\",\"isPartOf\":{\"@id\":\"https:\/\/raytech-group.com\/#website\"},\"datePublished\":\"2022-05-20T12:15:09+00:00\",\"dateModified\":\"2022-05-20T12:23:17+00:00\",\"description\":\"RayBAT, das Powerhouse f\u00fcr den Camper. 100Ah Pb-EQ mit einer Selbstentladung von weniger als 5% und das mit nur 5,9kg!\",\"breadcrumb\":{\"@id\":\"https:\/\/raytech-group.com\/de\/produkt\/raybat-v100\/#breadcrumb\"},\"inLanguage\":\"de\",\"potentialAction\":[{\"@type\":\"ReadAction\",\"target\":[\"https:\/\/raytech-group.com\/de\/produkt\/raybat-v100\/\"]}]},{\"@type\":\"BreadcrumbList\",\"@id\":\"https:\/\/raytech-group.com\/de\/produkt\/raybat-v100\/#breadcrumb\",\"itemListElement\":[{\"@type\":\"ListItem\",\"position\":1,\"name\":\"Home\",\"item\":\"https:\/\/raytech-group.com\/de\/\"},{\"@type\":\"ListItem\",\"position\":2,\"name\":\"Shop\",\"item\":\"https:\/\/raytech-group.com\/de\/shop\/\"},{\"@type\":\"ListItem\",\"position\":3,\"name\":\"RayBAT V100\"}]},{\"@type\":\"WebSite\",\"@id\":\"https:\/\/raytech-group.com\/#website\",\"url\":\"https:\/\/raytech-group.com\/\",\"name\":\"Raytech Group\",\"description\":\"Total Connectivity Solutions\",\"potentialAction\":[{\"@type\":\"SearchAction\",\"target\":{\"@type\":\"EntryPoint\",\"urlTemplate\":\"https:\/\/raytech-group.com\/?s={search_term_string}\"},\"query-input\":\"required name=search_term_string\"}],\"inLanguage\":\"de\"}]}<\/script>\n<!-- \/ Yoast SEO plugin. -->","yoast_head_json":{"title":"RayBAT V100 - Raytech Group","description":"RayBAT, das Powerhouse f\u00fcr den Camper. 100Ah Pb-EQ mit einer Selbstentladung von weniger als 5% und das mit nur 5,9kg!","robots":{"index":"index","follow":"follow","max-snippet":"max-snippet:-1","max-image-preview":"max-image-preview:large","max-video-preview":"max-video-preview:-1"},"canonical":"https:\/\/raytech-group.com\/de\/produkt\/raybat-v100\/","og_locale":"de_DE","og_type":"article","og_title":"RayBAT V100 - Raytech Group","og_description":"RayBAT, das Powerhouse f\u00fcr den Camper. 100Ah Pb-EQ mit einer Selbstentladung von weniger als 5% und das mit nur 5,9kg!","og_url":"https:\/\/raytech-group.com\/de\/produkt\/raybat-v100\/","og_site_name":"Raytech Group","article_modified_time":"2022-05-20T12:23:17+00:00","og_image":[{"width":1000,"height":1000,"url":"https:\/\/raytech-group.com\/wp-content\/uploads\/2021\/10\/RayBAT-V-100.jpg","type":"image\/jpeg"}],"twitter_card":"summary_large_image","twitter_misc":{"Gesch\u00e4tzte Lesezeit":"2\u00a0Minuten"},"schema":{"@context":"https:\/\/schema.org","@graph":[{"@type":"WebPage","@id":"https:\/\/raytech-group.com\/de\/produkt\/raybat-v100\/","url":"https:\/\/raytech-group.com\/de\/produkt\/raybat-v100\/","name":"RayBAT V100 - Raytech Group","isPartOf":{"@id":"https:\/\/raytech-group.com\/#website"},"datePublished":"2022-05-20T12:15:09+00:00","dateModified":"2022-05-20T12:23:17+00:00","description":"RayBAT, das Powerhouse f\u00fcr den Camper. 100Ah Pb-EQ mit einer Selbstentladung von weniger als 5% und das mit nur 5,9kg!","breadcrumb":{"@id":"https:\/\/raytech-group.com\/de\/produkt\/raybat-v100\/#breadcrumb"},"inLanguage":"de","potentialAction":[{"@type":"ReadAction","target":["https:\/\/raytech-group.com\/de\/produkt\/raybat-v100\/"]}]},{"@type":"BreadcrumbList","@id":"https:\/\/raytech-group.com\/de\/produkt\/raybat-v100\/#breadcrumb","itemListElement":[{"@type":"ListItem","position":1,"name":"Home","item":"https:\/\/raytech-group.com\/de\/"},{"@type":"ListItem","position":2,"name":"Shop","item":"https:\/\/raytech-group.com\/de\/shop\/"},{"@type":"ListItem","position":3,"name":"RayBAT V100"}]},{"@type":"WebSite","@id":"https:\/\/raytech-group.com\/#website","url":"https:\/\/raytech-group.com\/","name":"Raytech Group","description":"Total Connectivity Solutions","potentialAction":[{"@type":"SearchAction","target":{"@type":"EntryPoint","urlTemplate":"https:\/\/raytech-group.com\/?s={search_term_string}"},"query-input":"required name=search_term_string"}],"inLanguage":"de"}]}},"_links":{"self":[{"href":"https:\/\/raytech-group.com\/de\/wp-json\/wp\/v2\/product\/6471"}],"collection":[{"href":"https:\/\/raytech-group.com\/de\/wp-json\/wp\/v2\/product"}],"about":[{"href":"https:\/\/raytech-group.com\/de\/wp-json\/wp\/v2\/types\/product"}],"wp:featuredmedia":[{"embeddable":true,"href":"https:\/\/raytech-group.com\/de\/wp-json\/wp\/v2\/media\/5921"}],"wp:attachment":[{"href":"https:\/\/raytech-group.com\/de\/wp-json\/wp\/v2\/media?parent=6471"}],"wp:term":[{"taxonomy":"product_cat","embeddable":true,"href":"https:\/\/raytech-group.com\/de\/wp-json\/wp\/v2\/product_cat?post=6471"},{"taxonomy":"product_tag","embeddable":true,"href":"https:\/\/raytech-group.com\/de\/wp-json\/wp\/v2\/product_tag?post=6471"}],"curies":[{"name":"wp","href":"https:\/\/api.w.org\/{rel}","templated":true}]}}