{"id":6359,"date":"2021-12-16T18:50:48","date_gmt":"2021-12-16T16:50:48","guid":{"rendered":"https:\/\/raytech-group.com\/?post_type=product&#038;p=6359"},"modified":"2022-05-20T14:45:00","modified_gmt":"2022-05-20T12:45:00","slug":"raybat-450-p","status":"publish","type":"product","link":"https:\/\/raytech-group.com\/de\/produkt\/raybat-450-p\/","title":{"rendered":"RayBAT 450 P"},"content":{"rendered":"<h3>Lange Standzeit &#8211; 1 Jahr ohne Energieverlust<\/h3>\n<p>Ein kalter Winter, eine lange Reise, eine u\u0308bervolle Garage oder fehlende Ersatzteile. Es gibt zahlreiche Gru\u0308nde, weshalb Sie ihr Fahrzeug eine la\u0308ngere Zeit nicht bewegen, doch es soll niemals an Ihrer Batterie scheitern!<\/p>\n<p>RayBat ko\u0308nnen ein Jahr lang stehen, ohne dass ein Nachladen erforderlich ist. Ideal fu\u0308r den Einsatz in Ihrem Oldtimer, aber auch Wohnmobil, Motorboot und sogar Ihrem Motorrad.<\/p>\n<h3>3-5x Lebensdauer<\/h3>\n<p>Je nach angeschlossener Peripherie und Ihrem Nutzungsverhalten, liegt die Lebensdauer der RayBat bei der drei bis fu\u0308nffachen Zeit im vergleich zu regula\u0308ren Autobatterien.<\/p>\n<p>Dies ermo\u0308glicht wesentlich mehr Ladezyklen.<\/p>\n<h3>Volle Kontrolle &#8211; Dank gratis App<\/h3>\n<p>Die kabellose Schnittstelle der Batterie ermo\u0308glicht eine genaue Aufzeichnung und Auswertung der Telemetrie.<\/p>\n<p>Zusa\u0308tzlich erkennt die Batterie automatisch la\u0308ngere Standzeiten und trennt dabei die Versorgung der Verbraucher und erha\u0308lt die Lebensdauer und schu\u0308tzt vor Entladung.<\/p>\n<p>Ein intelligenter Kill-Operation-Switch trennt vollst\u00e4ndig die RayBat vom Fahrzeug bei \u00dcberlastung, dies kann auch via Smartphone erfolgen. (Alternative zum Trennschalter f\u00fcr l\u00e4ngere Standzeiten)<\/p>\n<p>Das System ermo\u0308glicht au\u00dferdem einen aktiven Diebstahlschutz. Auf Wunsch la\u0308sst sich der Motor nur nach Eingabe eines Codes in der APP starten. Dabei werden die kleineren Abnehmer weiterhin versorgt. Der Diebstahlschutz ist vollkommen in der Batterie integriert und kann nicht mit einem Draht u\u0308berbru\u0308ckt werden!<\/p>\n<h3>Federleicht<\/h3>\n<section class=\"av_textblock_section \">\n<div class=\"avia_textblock av_inherit_color \">\n<div class=\"page\" title=\"Page 2\">\n<div class=\"page\" title=\"Page 2\">\n<div class=\"section\">\n<div class=\"layoutArea\">\n<div class=\"column\">\n<div class=\"page\" title=\"Page 2\">\n<div class=\"section\">\n<div class=\"layoutArea\">\n<div class=\"column\">\n<p>Aufgrund der speziellen Bauart der Batterie, kommt das System mit lediglich 20% des Gewichts einer konventionellen Autobatterie aus.<\/p>\n<\/div>\n<\/div>\n<\/div>\n<\/div>\n<\/div>\n<\/div>\n<\/div>\n<\/div>\n<\/div>\n<\/div>\n<\/section>\n","protected":false},"excerpt":{"rendered":"<ul>\n<li style=\"list-style-type: none;\">\n<ul>\n<li><span class=\"logo-sempre\">F\u00fcr 2 bis 4 Zylinder*<br \/>\n<\/span><\/li>\n<li>Bis 2,5l Hubraum*<\/li>\n<li>1,4kg Eigengewicht<\/li>\n<li>182\/156\/100 mm [l\/b\/h] inklusive Halterahmen<\/li>\n<li>149\/123\/100 mm [l\/b\/h] exklusive Halterahmen<\/li>\n<li>450A Startstrom<\/li>\n<li>25 bis 35 Ah Kapazit\u00e4t*<\/li>\n<li>13,2V Nominalspannung<\/li>\n<li>15,2V Maximalspannung<\/li>\n<li>-20 bis +80\u00b0C Einsatztemperatur<\/li>\n<li>Drei bis f\u00fcnffache Lebensdauer im Vergleich zu gew\u00f6hnlichen Batterien*<\/li>\n<\/ul>\n<\/li>\n<\/ul>\n<p>&nbsp;<\/p>\n<p>*Abh\u00e4ngig von Art der Nutzung, Setup und der angeschlossenen Peripherie<\/p>\n","protected":false},"featured_media":5624,"template":"","meta":[],"product_cat":[77,79],"product_tag":[93,91,92],"yoast_head":"<!-- This site is optimized with the Yoast SEO plugin v20.5 - https:\/\/yoast.com\/wordpress\/plugins\/seo\/ -->\n<title>RayBAT 450 P - Raytech Group<\/title>\n<meta name=\"description\" content=\"RayBAT, die Motorsport-Starterbatterie, die alles in den Schatten stellt. 450A Startleistung und 35Ah Pb-EQ mit nur 1,4kg!\" \/>\n<meta name=\"robots\" content=\"index, follow, max-snippet:-1, max-image-preview:large, max-video-preview:-1\" \/>\n<link rel=\"canonical\" href=\"https:\/\/raytech-group.com\/de\/produkt\/raybat-450-p\/\" \/>\n<meta property=\"og:locale\" content=\"de_DE\" \/>\n<meta property=\"og:type\" content=\"article\" \/>\n<meta property=\"og:title\" content=\"RayBAT 450 P - Raytech Group\" \/>\n<meta property=\"og:description\" content=\"RayBAT, die Motorsport-Starterbatterie, die alles in den Schatten stellt. 450A Startleistung und 35Ah Pb-EQ mit nur 1,4kg!\" \/>\n<meta property=\"og:url\" content=\"https:\/\/raytech-group.com\/de\/produkt\/raybat-450-p\/\" \/>\n<meta property=\"og:site_name\" content=\"Raytech Group\" \/>\n<meta property=\"article:modified_time\" content=\"2022-05-20T12:45:00+00:00\" \/>\n<meta property=\"og:image\" content=\"https:\/\/raytech-group.com\/wp-content\/uploads\/2021\/10\/450-und-750-P.jpeg\" \/>\n\t<meta property=\"og:image:width\" content=\"1920\" \/>\n\t<meta property=\"og:image:height\" content=\"1920\" \/>\n\t<meta property=\"og:image:type\" content=\"image\/jpeg\" \/>\n<meta name=\"twitter:card\" content=\"summary_large_image\" \/>\n<meta name=\"twitter:label1\" content=\"Gesch\u00e4tzte Lesezeit\" \/>\n\t<meta name=\"twitter:data1\" content=\"1\u00a0Minute\" \/>\n<script type=\"application\/ld+json\" class=\"yoast-schema-graph\">{\"@context\":\"https:\/\/schema.org\",\"@graph\":[{\"@type\":\"WebPage\",\"@id\":\"https:\/\/raytech-group.com\/de\/produkt\/raybat-450-p\/\",\"url\":\"https:\/\/raytech-group.com\/de\/produkt\/raybat-450-p\/\",\"name\":\"RayBAT 450 P - Raytech Group\",\"isPartOf\":{\"@id\":\"https:\/\/raytech-group.com\/#website\"},\"datePublished\":\"2021-12-16T16:50:48+00:00\",\"dateModified\":\"2022-05-20T12:45:00+00:00\",\"description\":\"RayBAT, die Motorsport-Starterbatterie, die alles in den Schatten stellt. 450A Startleistung und 35Ah Pb-EQ mit nur 1,4kg!\",\"breadcrumb\":{\"@id\":\"https:\/\/raytech-group.com\/de\/produkt\/raybat-450-p\/#breadcrumb\"},\"inLanguage\":\"de\",\"potentialAction\":[{\"@type\":\"ReadAction\",\"target\":[\"https:\/\/raytech-group.com\/de\/produkt\/raybat-450-p\/\"]}]},{\"@type\":\"BreadcrumbList\",\"@id\":\"https:\/\/raytech-group.com\/de\/produkt\/raybat-450-p\/#breadcrumb\",\"itemListElement\":[{\"@type\":\"ListItem\",\"position\":1,\"name\":\"Home\",\"item\":\"https:\/\/raytech-group.com\/de\/\"},{\"@type\":\"ListItem\",\"position\":2,\"name\":\"Shop\",\"item\":\"https:\/\/raytech-group.com\/de\/shop\/\"},{\"@type\":\"ListItem\",\"position\":3,\"name\":\"RayBAT 450 P\"}]},{\"@type\":\"WebSite\",\"@id\":\"https:\/\/raytech-group.com\/#website\",\"url\":\"https:\/\/raytech-group.com\/\",\"name\":\"Raytech Group\",\"description\":\"Total Connectivity Solutions\",\"potentialAction\":[{\"@type\":\"SearchAction\",\"target\":{\"@type\":\"EntryPoint\",\"urlTemplate\":\"https:\/\/raytech-group.com\/?s={search_term_string}\"},\"query-input\":\"required name=search_term_string\"}],\"inLanguage\":\"de\"}]}<\/script>\n<!-- \/ Yoast SEO plugin. -->","yoast_head_json":{"title":"RayBAT 450 P - Raytech Group","description":"RayBAT, die Motorsport-Starterbatterie, die alles in den Schatten stellt. 450A Startleistung und 35Ah Pb-EQ mit nur 1,4kg!","robots":{"index":"index","follow":"follow","max-snippet":"max-snippet:-1","max-image-preview":"max-image-preview:large","max-video-preview":"max-video-preview:-1"},"canonical":"https:\/\/raytech-group.com\/de\/produkt\/raybat-450-p\/","og_locale":"de_DE","og_type":"article","og_title":"RayBAT 450 P - Raytech Group","og_description":"RayBAT, die Motorsport-Starterbatterie, die alles in den Schatten stellt. 450A Startleistung und 35Ah Pb-EQ mit nur 1,4kg!","og_url":"https:\/\/raytech-group.com\/de\/produkt\/raybat-450-p\/","og_site_name":"Raytech Group","article_modified_time":"2022-05-20T12:45:00+00:00","og_image":[{"width":1920,"height":1920,"url":"https:\/\/raytech-group.com\/wp-content\/uploads\/2021\/10\/450-und-750-P.jpeg","type":"image\/jpeg"}],"twitter_card":"summary_large_image","twitter_misc":{"Gesch\u00e4tzte Lesezeit":"1\u00a0Minute"},"schema":{"@context":"https:\/\/schema.org","@graph":[{"@type":"WebPage","@id":"https:\/\/raytech-group.com\/de\/produkt\/raybat-450-p\/","url":"https:\/\/raytech-group.com\/de\/produkt\/raybat-450-p\/","name":"RayBAT 450 P - Raytech Group","isPartOf":{"@id":"https:\/\/raytech-group.com\/#website"},"datePublished":"2021-12-16T16:50:48+00:00","dateModified":"2022-05-20T12:45:00+00:00","description":"RayBAT, die Motorsport-Starterbatterie, die alles in den Schatten stellt. 450A Startleistung und 35Ah Pb-EQ mit nur 1,4kg!","breadcrumb":{"@id":"https:\/\/raytech-group.com\/de\/produkt\/raybat-450-p\/#breadcrumb"},"inLanguage":"de","potentialAction":[{"@type":"ReadAction","target":["https:\/\/raytech-group.com\/de\/produkt\/raybat-450-p\/"]}]},{"@type":"BreadcrumbList","@id":"https:\/\/raytech-group.com\/de\/produkt\/raybat-450-p\/#breadcrumb","itemListElement":[{"@type":"ListItem","position":1,"name":"Home","item":"https:\/\/raytech-group.com\/de\/"},{"@type":"ListItem","position":2,"name":"Shop","item":"https:\/\/raytech-group.com\/de\/shop\/"},{"@type":"ListItem","position":3,"name":"RayBAT 450 P"}]},{"@type":"WebSite","@id":"https:\/\/raytech-group.com\/#website","url":"https:\/\/raytech-group.com\/","name":"Raytech Group","description":"Total Connectivity Solutions","potentialAction":[{"@type":"SearchAction","target":{"@type":"EntryPoint","urlTemplate":"https:\/\/raytech-group.com\/?s={search_term_string}"},"query-input":"required name=search_term_string"}],"inLanguage":"de"}]}},"_links":{"self":[{"href":"https:\/\/raytech-group.com\/de\/wp-json\/wp\/v2\/product\/6359"}],"collection":[{"href":"https:\/\/raytech-group.com\/de\/wp-json\/wp\/v2\/product"}],"about":[{"href":"https:\/\/raytech-group.com\/de\/wp-json\/wp\/v2\/types\/product"}],"wp:featuredmedia":[{"embeddable":true,"href":"https:\/\/raytech-group.com\/de\/wp-json\/wp\/v2\/media\/5624"}],"wp:attachment":[{"href":"https:\/\/raytech-group.com\/de\/wp-json\/wp\/v2\/media?parent=6359"}],"wp:term":[{"taxonomy":"product_cat","embeddable":true,"href":"https:\/\/raytech-group.com\/de\/wp-json\/wp\/v2\/product_cat?post=6359"},{"taxonomy":"product_tag","embeddable":true,"href":"https:\/\/raytech-group.com\/de\/wp-json\/wp\/v2\/product_tag?post=6359"}],"curies":[{"name":"wp","href":"https:\/\/api.w.org\/{rel}","templated":true}]}}