{"id":5697,"date":"2021-10-14T17:40:01","date_gmt":"2021-10-14T15:40:01","guid":{"rendered":"https:\/\/raytech-group.com\/?page_id=5697"},"modified":"2021-10-14T17:40:01","modified_gmt":"2021-10-14T15:40:01","slug":"zahlungsmethoden","status":"publish","type":"page","link":"https:\/\/raytech-group.com\/de\/zahlungsmethoden\/","title":{"rendered":"Zahlungsmethoden"},"content":{"rendered":"<h2>Zahlungsbedingungen:<\/h2>\n<p>Die Zahlung ist mittels Debit- oder Kreditkarte, PayPal, sowie Direkt\u00fcberweisung m\u00f6glich.<\/p>\n<p>Bei einer Selbstabholung ist ebenso eine Zahlung mit Debit- oder Kreditkarte m\u00f6glich.<!--more--><\/p>\n<p>&nbsp;<\/p>\n<p>&nbsp;<\/p>\n<p>&nbsp;<\/p>\n<p>&nbsp;<\/p>\n<p>&nbsp;<\/p>\n<p>&nbsp;<\/p>\n<p>&nbsp;<\/p>\n<p>AUSZUG aus den Gesch\u00e4ftsbedingungen<\/p>\n<h4>2.3 Bestellung und Vertragsabschluss im Online-Shop<\/h4>\n<p>2.3.1 Die Pr\u00e4sentation der Waren im Online-Shop stellt kein bindendes Angebot von RAYTECH dar, sondern kann der Kunde im Wege der Bestellung ein Angebot abgeben. Der Kunde hat sich hierzu zu registrieren, seine zur Bestellung erforderlichen Daten (zB Name, Adresse samt allenfalls anderslautender Rechnungsadresse, Mail-Adresse und Telefonnummer) anzugeben und stimmt er dabei gegenst\u00e4ndlichen AGB zu.<\/p>\n<p>2.3.2 Die \u00fcber den Online-Shop einsehbaren Waren k\u00f6nnen vom Kunden dem Warenkorb hinzugef\u00fcgt werden. Nach Wahl der Zahlungsmodalit\u00e4ten und Klick auf den Button \u201eZahlungspflichtig Bestellen\u201c stellt der Kunde ein verbindliches Angebot (Bestellung) an RAYTECH zum Abschluss eines Vertrages.<br \/>\n2.3.3 Der Vertragsabschluss erfolgt nach Annahme der Bestellung durch Best\u00e4tigungsmail von RAYTECH. Mit Zugang des Best\u00e4tigungsmails beim Kunden ist der Vertrag rechtswirksam zustande gekommen. RAYTECH beh\u00e4lt sich vor, das Zustandekommen eines Vertragsverh\u00e4ltnisses ohne Angaben von Gr\u00fcnden abzulehnen.<\/p>\n<h4>3. Zahlung<\/h4>\n<p>3.1 Zahlung bei Vertragsabschluss im Gesch\u00e4ftslokal<\/p>\n<p>3.1.1 Zahlungen haben ausschlie\u00dflich mittels Debit- oder Kreditkarte zu erfolgen. Bargeld wird mangels anderslautender schriftlicher Vereinbarung als Zahlungsmittel nicht akzeptiert.<\/p>\n<p>3.1.2 Zahlungen haben Zug um Zug gegen \u00dcbergabe der Ware zu erfolgen.<\/p>\n<p>3.1.3 Zahlungen gelten erst mit dem Zeitpunkt des Einganges auf dem Gesch\u00e4ftskonto von RAYTECH als geleistet.<\/p>\n<p>3.2 Zahlungen bei Gesch\u00e4ftsabschluss im Online-Shop<\/p>\n<p>3.2.1 Zahlungen haben ausschlie\u00dflich laut den im Online-Shop zur Verf\u00fcgung gestellten und vom Kunden im Zuge der Bestellung ausgew\u00e4hlten Zahlungsoptionen zu erfolgen. RAYTECH beh\u00e4lt sich vor, Zahlungsoptionen f\u00fcr den Online-Shop zu erweitern.<\/p>\n<p>3.2.2 Die Zahlung erfolgt nach Vertragsabschluss im Sinne von Pkt. 2.3. Zahlungen gelten erst mit dem Zeitpunkt des Einganges auf dem Gesch\u00e4ftskonto von RAYTECH bzw. des jeweiligen Zahlungsanbieters als geleistet.<\/p>\n","protected":false},"excerpt":{"rendered":"<p>Zahlungsbedingungen: Die Zahlung ist mittels Debit- oder Kreditkarte, PayPal, sowie Direkt\u00fcberweisung m\u00f6glich. Bei einer Selbstabholung ist ebenso eine Zahlung mit Debit- oder Kreditkarte m\u00f6glich.<\/p>\n","protected":false},"author":18,"featured_media":0,"parent":0,"menu_order":0,"comment_status":"closed","ping_status":"closed","template":"","meta":[],"yoast_head":"<!-- This site is optimized with the Yoast SEO plugin v20.5 - https:\/\/yoast.com\/wordpress\/plugins\/seo\/ -->\n<title>Zahlungsmethoden - Raytech Group<\/title>\n<meta name=\"robots\" content=\"index, follow, max-snippet:-1, max-image-preview:large, max-video-preview:-1\" \/>\n<link rel=\"canonical\" href=\"https:\/\/raytech-group.com\/de\/zahlungsmethoden\/\" \/>\n<meta property=\"og:locale\" content=\"de_DE\" \/>\n<meta property=\"og:type\" content=\"article\" \/>\n<meta property=\"og:title\" content=\"Zahlungsmethoden - Raytech Group\" \/>\n<meta property=\"og:description\" content=\"Zahlungsbedingungen: Die Zahlung ist mittels Debit- oder Kreditkarte, PayPal, sowie Direkt\u00fcberweisung m\u00f6glich. Bei einer Selbstabholung ist ebenso eine Zahlung mit Debit- oder Kreditkarte m\u00f6glich.\" \/>\n<meta property=\"og:url\" content=\"https:\/\/raytech-group.com\/de\/zahlungsmethoden\/\" \/>\n<meta property=\"og:site_name\" content=\"Raytech Group\" \/>\n<meta name=\"twitter:card\" content=\"summary_large_image\" \/>\n<meta name=\"twitter:label1\" content=\"Gesch\u00e4tzte Lesezeit\" \/>\n\t<meta name=\"twitter:data1\" content=\"2\u00a0Minuten\" \/>\n<script type=\"application\/ld+json\" class=\"yoast-schema-graph\">{\"@context\":\"https:\/\/schema.org\",\"@graph\":[{\"@type\":\"WebPage\",\"@id\":\"https:\/\/raytech-group.com\/de\/zahlungsmethoden\/\",\"url\":\"https:\/\/raytech-group.com\/de\/zahlungsmethoden\/\",\"name\":\"Zahlungsmethoden - Raytech Group\",\"isPartOf\":{\"@id\":\"https:\/\/raytech-group.com\/#website\"},\"datePublished\":\"2021-10-14T15:40:01+00:00\",\"dateModified\":\"2021-10-14T15:40:01+00:00\",\"breadcrumb\":{\"@id\":\"https:\/\/raytech-group.com\/de\/zahlungsmethoden\/#breadcrumb\"},\"inLanguage\":\"de\",\"potentialAction\":[{\"@type\":\"ReadAction\",\"target\":[\"https:\/\/raytech-group.com\/de\/zahlungsmethoden\/\"]}]},{\"@type\":\"BreadcrumbList\",\"@id\":\"https:\/\/raytech-group.com\/de\/zahlungsmethoden\/#breadcrumb\",\"itemListElement\":[{\"@type\":\"ListItem\",\"position\":1,\"name\":\"Home\",\"item\":\"https:\/\/raytech-group.com\/de\/\"},{\"@type\":\"ListItem\",\"position\":2,\"name\":\"Zahlungsmethoden\"}]},{\"@type\":\"WebSite\",\"@id\":\"https:\/\/raytech-group.com\/#website\",\"url\":\"https:\/\/raytech-group.com\/\",\"name\":\"Raytech Group\",\"description\":\"Total Connectivity Solutions\",\"potentialAction\":[{\"@type\":\"SearchAction\",\"target\":{\"@type\":\"EntryPoint\",\"urlTemplate\":\"https:\/\/raytech-group.com\/?s={search_term_string}\"},\"query-input\":\"required name=search_term_string\"}],\"inLanguage\":\"de\"}]}<\/script>\n<!-- \/ Yoast SEO plugin. -->","yoast_head_json":{"title":"Zahlungsmethoden - Raytech Group","robots":{"index":"index","follow":"follow","max-snippet":"max-snippet:-1","max-image-preview":"max-image-preview:large","max-video-preview":"max-video-preview:-1"},"canonical":"https:\/\/raytech-group.com\/de\/zahlungsmethoden\/","og_locale":"de_DE","og_type":"article","og_title":"Zahlungsmethoden - Raytech Group","og_description":"Zahlungsbedingungen: Die Zahlung ist mittels Debit- oder Kreditkarte, PayPal, sowie Direkt\u00fcberweisung m\u00f6glich. Bei einer Selbstabholung ist ebenso eine Zahlung mit Debit- oder Kreditkarte m\u00f6glich.","og_url":"https:\/\/raytech-group.com\/de\/zahlungsmethoden\/","og_site_name":"Raytech Group","twitter_card":"summary_large_image","twitter_misc":{"Gesch\u00e4tzte Lesezeit":"2\u00a0Minuten"},"schema":{"@context":"https:\/\/schema.org","@graph":[{"@type":"WebPage","@id":"https:\/\/raytech-group.com\/de\/zahlungsmethoden\/","url":"https:\/\/raytech-group.com\/de\/zahlungsmethoden\/","name":"Zahlungsmethoden - Raytech Group","isPartOf":{"@id":"https:\/\/raytech-group.com\/#website"},"datePublished":"2021-10-14T15:40:01+00:00","dateModified":"2021-10-14T15:40:01+00:00","breadcrumb":{"@id":"https:\/\/raytech-group.com\/de\/zahlungsmethoden\/#breadcrumb"},"inLanguage":"de","potentialAction":[{"@type":"ReadAction","target":["https:\/\/raytech-group.com\/de\/zahlungsmethoden\/"]}]},{"@type":"BreadcrumbList","@id":"https:\/\/raytech-group.com\/de\/zahlungsmethoden\/#breadcrumb","itemListElement":[{"@type":"ListItem","position":1,"name":"Home","item":"https:\/\/raytech-group.com\/de\/"},{"@type":"ListItem","position":2,"name":"Zahlungsmethoden"}]},{"@type":"WebSite","@id":"https:\/\/raytech-group.com\/#website","url":"https:\/\/raytech-group.com\/","name":"Raytech Group","description":"Total Connectivity Solutions","potentialAction":[{"@type":"SearchAction","target":{"@type":"EntryPoint","urlTemplate":"https:\/\/raytech-group.com\/?s={search_term_string}"},"query-input":"required name=search_term_string"}],"inLanguage":"de"}]}},"_links":{"self":[{"href":"https:\/\/raytech-group.com\/de\/wp-json\/wp\/v2\/pages\/5697"}],"collection":[{"href":"https:\/\/raytech-group.com\/de\/wp-json\/wp\/v2\/pages"}],"about":[{"href":"https:\/\/raytech-group.com\/de\/wp-json\/wp\/v2\/types\/page"}],"author":[{"embeddable":true,"href":"https:\/\/raytech-group.com\/de\/wp-json\/wp\/v2\/users\/18"}],"replies":[{"embeddable":true,"href":"https:\/\/raytech-group.com\/de\/wp-json\/wp\/v2\/comments?post=5697"}],"version-history":[{"count":2,"href":"https:\/\/raytech-group.com\/de\/wp-json\/wp\/v2\/pages\/5697\/revisions"}],"predecessor-version":[{"id":5699,"href":"https:\/\/raytech-group.com\/de\/wp-json\/wp\/v2\/pages\/5697\/revisions\/5699"}],"wp:attachment":[{"href":"https:\/\/raytech-group.com\/de\/wp-json\/wp\/v2\/media?parent=5697"}],"curies":[{"name":"wp","href":"https:\/\/api.w.org\/{rel}","templated":true}]}}