{"id":5670,"date":"2021-10-14T16:32:33","date_gmt":"2021-10-14T14:32:33","guid":{"rendered":"https:\/\/raytech-group.com\/?page_id=5670"},"modified":"2021-10-14T16:32:33","modified_gmt":"2021-10-14T14:32:33","slug":"datenschutzbestimmung","status":"publish","type":"page","link":"https:\/\/raytech-group.com\/de\/datenschutzbestimmung\/","title":{"rendered":"Datenschutzbestimmung"},"content":{"rendered":"\n<style type=\"text\/css\" data-created_by=\"avia_inline_auto\" id=\"style-css-av-kur1jjfn-0a3fcc581ea0ea95ac45fc3229ed0c6d\">\n#top .av-special-heading.av-kur1jjfn-0a3fcc581ea0ea95ac45fc3229ed0c6d{\npadding-bottom:10px;\n}\nbody .av-special-heading.av-kur1jjfn-0a3fcc581ea0ea95ac45fc3229ed0c6d .av-special-heading-tag .heading-char{\nfont-size:25px;\n}\n.av-special-heading.av-kur1jjfn-0a3fcc581ea0ea95ac45fc3229ed0c6d .av-subheading{\nfont-size:15px;\n}\n<\/style>\n<div  class='av-special-heading av-kur1jjfn-0a3fcc581ea0ea95ac45fc3229ed0c6d av-special-heading-h1 blockquote modern-quote  avia-builder-el-0  el_before_av_textblock  avia-builder-el-first '><h1 class='av-special-heading-tag'  itemprop=\"headline\"  >Datenschutzerkl\u00e4rung<\/h1><div class='av-subheading av-subheading_below'><p>G\u00fcltig ab: 13.10.2021<\/p>\n<\/div><div class=\"special-heading-border\"><div class=\"special-heading-inner-border\"><\/div><\/div><\/div>\n<section  class='av_textblock_section av-kur1jxtw-c40e182d88d01b2059619a747bdfa095'  itemscope=\"itemscope\" itemtype=\"https:\/\/schema.org\/CreativeWork\" ><div class='avia_textblock'  itemprop=\"text\" ><p>Uns ist der Schutz der Daten unserer Kunden ein Anliegen. Im Folgenden informieren wir Sie, welche personenbezogenen Daten bei der Nutzung unseres Online-Shops, welcher unter www.raytech-automotive.com\/de abrufbar ist, verarbeitet werden und welche Rechte Sie in diesem Zusammenhang haben.<br \/>\nBei personenbezogene Daten handelt es sich um Daten, die Informationen \u00fcber pers\u00f6nliche oder sachliche Verh\u00e4ltnisse enthalten und die auf Sie pers\u00f6nlich beziehbar sind, wie beispielsweise Name, Anschrift, E-Mail-Adresse, IP-Adresse, Telefonnummer.<\/p>\n<h4>1. Verantwortliche Stelle<\/h4>\n<p>Verantwortlicher f\u00fcr die Datenverarbeitung ist die RAYTECH Vertriebsgesellschaft m.b.H., Johann-Steinb\u00f6ck Stra\u00dfe 12, 2345 Brunn am Gebirge, Firmenbuchnummer: 50914 z, E-Mail: sales@raytech-group.com (kurz \u201eRAYTECH\u201c, \u201ewir\u201c oder \u201euns\u201c).<\/p>\n<h4>2. Gegenstand der Verarbeitung<\/h4>\n<p>RAYTECH verarbeitet die von Ihnen anl\u00e4sslich der Nutzung unseres Online-Shops mitgeteilten identifizierenden personenbezogenen Daten. Hierzu z\u00e4hlen:<\/p>\n<ul>\n<li>Vorname,<\/li>\n<li>Nachname,<\/li>\n<li>gegebenenfalls eine Firmenbezeichnung,<\/li>\n<li>Anschrift,<\/li>\n<li>Telefonnummer,<\/li>\n<li>E-Mail-Adresse,<\/li>\n<li>Zahlungsinformationen.<\/li>\n<\/ul>\n<p>Wenn Sie \u00fcber den Online-Shop einen Kauf t\u00e4tigen oder versuchen, einen Kauf zu t\u00e4tigen, erfassen wir abh\u00e4ngig vom Fortschritt des Bestellprozesses die Bestelldaten (Artikel, Menge, Preis, etc.) sowie Informationen die Sie uns zur Verf\u00fcgung stellen.<\/p>\n<h4>3. Zweck der Verarbeitung<\/h4>\n<p>Die Verarbeitung Ihrer Daten dient dazu, den Online-Shop zur Verf\u00fcgung zu stellen, der Information und der Beratung \u00fcber angebotene Produkte und Dienstleistungen von RAYTECH, der Zusendung von Informationen und Nachrichten im Zusammenhang mit einem Online Kauf, sowie zu Werbezwecken.<br \/>\nDar\u00fcber hinaus erfassen wir Informationen beim Browsen \u00fcber die einzelnen Seiten oder Produkte, die Sie sich ansehen, sowie Informationen dar\u00fcber, wie Sie mit der Website interagieren. Diese Informationen werden beispielsweise unter Nutzung der nachstehenden Technologien gesammelt:<\/p>\n<p>a.) Cookies: Wir k\u00f6nnen mit Cookies (dabei handelt es sich um Textdateien mit Informationen welche auf Ihrem Ger\u00e4t gespeichert werden) Daten \u00fcber Ihre Aktivit\u00e4t, Ihren Browser und Ihr Ger\u00e4t &#8211; dies auch zu statistische Analysen &#8211; erfassen.<\/p>\n<p>b.) Log-Files: Diese verfolgen Aktionen, die auf unserer Website stattfinden, und sammeln Daten, einschlie\u00dflich Ihrer IP-Adresse, des Browsertyps sowie des Internet-Service-Providers.<br \/>\nBeispielsweise dient die Verarbeitung der Daten bez\u00fcglich abgeschlossener Bestellungen der Vertragserf\u00fcllung. Daneben werden Ihre Daten im erforderlichen Ausma\u00df und nur an Versanddienstleister zu Zwecken des Versands sowie an Zahlungsdienstleister zur Zahlungsabwicklung weitergegeben. Bitte beachten Sie diesbez\u00fcglich die jeweiligen Datenschutzerkl\u00e4rungen dieser Anbieter.<\/p>\n<h4>4. Verarbeitungsweise<\/h4>\n<p>Die Verarbeitung Ihrer personenbezogenen Daten erfolgt mittels Erheben, Erfassen, Eintragung, Organisation, Speicherung, Abfragen, Bearbeitung, Ver\u00e4nderung, Auslesen, Auszug, Abgleich, Verkn\u00fcpfung, Sperre, Offenlegung, L\u00f6schung und Vernichtung der Daten. Ihre personenbezogenen Daten werden sowohl in Papierform als auch elektronisch bzw. automatisiert verarbeitet.<\/p>\n<h4>5. Dauer der Verarbeitung<\/h4>\n<p>RAYTECH verarbeitet Ihre personenbezogenen Daten f\u00fcr die Zeit, die zur Erf\u00fcllung der oben genannten Zwecke erforderlich ist. Daten werden grunds\u00e4tzlich nicht l\u00e4nger aufbewahrt als dies zur Erf\u00fcllung unserer vertraglichen bzw. gesetzlichen Verpflichtungen oder zur Geltendmachung, Aus\u00fcbung oder Verteidigung von Rechtsanspr\u00fcchen, insbesondere zur Abwehr allf\u00e4lliger Haftungsanspr\u00fcche, erforderlich ist.<\/p>\n<h4>6. Rechtsgrundlage<\/h4>\n<p>Die Verarbeitung Ihrer Daten ist laut gesetzlichen Bestimmungen nur unter bestimmten Bedingungen zul\u00e4ssig, welche als \u201eRechtsgrundlagen\u201c bezeichnet werden. Wir berufen uns insbesondere auf nachfolgende Rechtsgrundlagen:<\/p>\n<ul>\n<li>Erf\u00fcllung des Vertrages:\u00a0Ihre Daten werden von uns im Rahmen der zur Verf\u00fcgung Stellung unseres Online-Shops verwendet. Dies insbesondere um Vertragsabschl\u00fcsse \u00fcber den Online-Shop sowie die Bereitstellung des Online-Shops zu erm\u00f6glichen.<\/li>\n<li>Einwilligung:\u00a0Ihre Einwilligung in die Verarbeitung Ihrer Daten stellt einen eigenen Rechtsgrund dar auf den wir uns berufen. Die Rechtm\u00e4\u00dfigkeit der aufgrund der Einwilligung bis zum Widerruf erfolgten Nutzung bzw. Verarbeitung bleibt vom Widerruf unber\u00fchrt.<\/li>\n<li>Berechtigtes Interesse: Die Verarbeitung Ihrer Daten ist erforderlich, da wir ein berechtigtes Interesse an diesen haben. Es ist insbesondere erforderlich Ihre Daten zu verarbeiten, um den Online-Shop bereitstellen zu k\u00f6nnen, diesen zu verbessern, weiterzuentwickeln sowie zur Optimierung und um die Sicherheit und Stabilit\u00e4t der Website\/Online-Shops zu gew\u00e4hrleisten, sowie um Missbrauch zu erkennen und verfolgen zu k\u00f6nnen.<\/li>\n<\/ul>\n<h4>7. Rechte<\/h4>\n<p>Ihnen stehen folgende Rechte im Zusammenhang mit Ihren Daten zur Verf\u00fcgung:<\/p>\n<p>(a) Das Recht auf Auskunft (Art. 15 DS-GVO) beinhaltet das Recht, von uns Auskunft dar\u00fcber zu erhalten, ob Daten zu Ihrer Person verarbeitet werden und, gegebenenfalls, Zugang zu diesen zu erhalten;<\/p>\n<p>(b) Das Recht auf Berichtigung (Art. 16 DS-GVO) und das Recht auf L\u00f6schung (Art. 17 DS-GVO) beinhaltet das Recht, fehlerhafte und\/oder unvollst\u00e4ndige Daten zu berichtigen sowie Daten zu l\u00f6schen, sofern die Anfrage berechtigt ist;<\/p>\n<p>(c) Das Recht auf Einschr\u00e4nkung der Verarbeitung (Art. 18 DS-GVO) beinhaltet das Recht, auf Einschr\u00e4nkung der Verarbeitung (auch sog. Sperrung), sofern die Anfrage berechtigt ist;<\/p>\n<p>(d) Das Recht auf Daten\u00fcbertragbarkeit (Art. 20 DS-GVO) beinhaltet das Recht, die zu Ihrer Person gespeicherten Daten in einem strukturierten, g\u00e4ngigen und maschinenlesbaren Format zu erhalten einschlie\u00dflich des Rechts auf Datentransfer direkt an einen Verantwortlichen;<\/p>\n<p>(e) Das Widerspruchsrecht (Art. 21 DS-GVO) beinhaltet das Recht, einer Verarbeitung von Daten zu widersprechen, sofern die Anfrage berechtigt ist, einschlie\u00dflich gegebenenfalls, wenn die Daten zum Zwecke der Werbung und\/oder Profilings verarbeitet werden sollen;<\/p>\n<p>(f) Das Recht im Falle einer unrechtm\u00e4\u00dfigen Datenverarbeitung bei der zust\u00e4ndigen <a href=\"https:\/\/edpb.europa.eu\/about-edpb\/about-edpb\/members_en\">Aufsichtsbeh\u00f6rde<\/a> eine Beschwerde einzureichen.<\/p>\n<h4>8. Beschwerden\/Fragen<\/h4>\n<p>Sie k\u00f6nnen jederzeit Beschwerden oder Anfragen zur Aus\u00fcbung Ihrer oben genannten Rechte an uns via E-Mail an sales@raytech-group.com richten. Zum Zweck der Beantwortung Ihrer Anfrage wird der \u00fcbermittelte Nachrichtentext sowie die zus\u00e4tzlich \u00fcbermittelten Informationen, wie Name, (E-Mail-)Adresse, Sendedatum, verarbeitet. Diese Daten werden verarbeitet, um Ihre Anfrage beantworten zu k\u00f6nnen. An der Kommunikation mit Ihnen aufgrund Ihrer Kontaktaufnahme haben sowohl wir als auch Sie zudem ein berechtigtes Interesse gem\u00e4\u00df Artikel 6 Abs 1 lit f) DSGVO.<br \/>\nWeiters steht Ihnen die M\u00f6glichkeit offen, eine Beschwerde bei der\u00a0zust\u00e4ndigen Aufsichtsbeh\u00f6rde einzureichen.\u00a0In \u00d6sterreich ist das die Datenschutzbeh\u00f6rde.<\/p>\n<h4>9. \u00c4nderungen der Datenschutzerkl\u00e4rung<\/h4>\n<p>Da sich Technik und Verfahrensweisen im Internet sehr schnell weiterentwickeln behalten wir uns vor, diese Datenschutzerkl\u00e4rung zu \u00e4ndern. Die aktuelle Datenschutzerkl\u00e4rung ist auf der Website unseres Online-Shops abrufbar.<\/p>\n<\/div><\/section>\n","protected":false},"excerpt":{"rendered":"","protected":false},"author":18,"featured_media":0,"parent":0,"menu_order":0,"comment_status":"closed","ping_status":"closed","template":"","meta":[],"yoast_head":"<!-- This site is optimized with the Yoast SEO plugin v20.5 - https:\/\/yoast.com\/wordpress\/plugins\/seo\/ -->\n<title>Datenschutzbestimmung - Raytech Group<\/title>\n<meta name=\"robots\" content=\"index, follow, max-snippet:-1, max-image-preview:large, max-video-preview:-1\" \/>\n<link rel=\"canonical\" href=\"https:\/\/raytech-group.com\/de\/datenschutzbestimmung\/\" \/>\n<meta property=\"og:locale\" content=\"de_DE\" \/>\n<meta property=\"og:type\" content=\"article\" \/>\n<meta property=\"og:title\" content=\"Datenschutzbestimmung - Raytech Group\" \/>\n<meta property=\"og:url\" content=\"https:\/\/raytech-group.com\/de\/datenschutzbestimmung\/\" \/>\n<meta property=\"og:site_name\" content=\"Raytech Group\" \/>\n<meta name=\"twitter:card\" content=\"summary_large_image\" \/>\n<script type=\"application\/ld+json\" class=\"yoast-schema-graph\">{\"@context\":\"https:\/\/schema.org\",\"@graph\":[{\"@type\":\"WebPage\",\"@id\":\"https:\/\/raytech-group.com\/de\/datenschutzbestimmung\/\",\"url\":\"https:\/\/raytech-group.com\/de\/datenschutzbestimmung\/\",\"name\":\"Datenschutzbestimmung - Raytech Group\",\"isPartOf\":{\"@id\":\"https:\/\/raytech-group.com\/#website\"},\"datePublished\":\"2021-10-14T14:32:33+00:00\",\"dateModified\":\"2021-10-14T14:32:33+00:00\",\"breadcrumb\":{\"@id\":\"https:\/\/raytech-group.com\/de\/datenschutzbestimmung\/#breadcrumb\"},\"inLanguage\":\"de\",\"potentialAction\":[{\"@type\":\"ReadAction\",\"target\":[\"https:\/\/raytech-group.com\/de\/datenschutzbestimmung\/\"]}]},{\"@type\":\"BreadcrumbList\",\"@id\":\"https:\/\/raytech-group.com\/de\/datenschutzbestimmung\/#breadcrumb\",\"itemListElement\":[{\"@type\":\"ListItem\",\"position\":1,\"name\":\"Home\",\"item\":\"https:\/\/raytech-group.com\/de\/\"},{\"@type\":\"ListItem\",\"position\":2,\"name\":\"Datenschutzbestimmung\"}]},{\"@type\":\"WebSite\",\"@id\":\"https:\/\/raytech-group.com\/#website\",\"url\":\"https:\/\/raytech-group.com\/\",\"name\":\"Raytech Group\",\"description\":\"Total Connectivity Solutions\",\"potentialAction\":[{\"@type\":\"SearchAction\",\"target\":{\"@type\":\"EntryPoint\",\"urlTemplate\":\"https:\/\/raytech-group.com\/?s={search_term_string}\"},\"query-input\":\"required name=search_term_string\"}],\"inLanguage\":\"de\"}]}<\/script>\n<!-- \/ Yoast SEO plugin. -->","yoast_head_json":{"title":"Datenschutzbestimmung - Raytech Group","robots":{"index":"index","follow":"follow","max-snippet":"max-snippet:-1","max-image-preview":"max-image-preview:large","max-video-preview":"max-video-preview:-1"},"canonical":"https:\/\/raytech-group.com\/de\/datenschutzbestimmung\/","og_locale":"de_DE","og_type":"article","og_title":"Datenschutzbestimmung - Raytech Group","og_url":"https:\/\/raytech-group.com\/de\/datenschutzbestimmung\/","og_site_name":"Raytech Group","twitter_card":"summary_large_image","schema":{"@context":"https:\/\/schema.org","@graph":[{"@type":"WebPage","@id":"https:\/\/raytech-group.com\/de\/datenschutzbestimmung\/","url":"https:\/\/raytech-group.com\/de\/datenschutzbestimmung\/","name":"Datenschutzbestimmung - Raytech Group","isPartOf":{"@id":"https:\/\/raytech-group.com\/#website"},"datePublished":"2021-10-14T14:32:33+00:00","dateModified":"2021-10-14T14:32:33+00:00","breadcrumb":{"@id":"https:\/\/raytech-group.com\/de\/datenschutzbestimmung\/#breadcrumb"},"inLanguage":"de","potentialAction":[{"@type":"ReadAction","target":["https:\/\/raytech-group.com\/de\/datenschutzbestimmung\/"]}]},{"@type":"BreadcrumbList","@id":"https:\/\/raytech-group.com\/de\/datenschutzbestimmung\/#breadcrumb","itemListElement":[{"@type":"ListItem","position":1,"name":"Home","item":"https:\/\/raytech-group.com\/de\/"},{"@type":"ListItem","position":2,"name":"Datenschutzbestimmung"}]},{"@type":"WebSite","@id":"https:\/\/raytech-group.com\/#website","url":"https:\/\/raytech-group.com\/","name":"Raytech Group","description":"Total Connectivity Solutions","potentialAction":[{"@type":"SearchAction","target":{"@type":"EntryPoint","urlTemplate":"https:\/\/raytech-group.com\/?s={search_term_string}"},"query-input":"required name=search_term_string"}],"inLanguage":"de"}]}},"_links":{"self":[{"href":"https:\/\/raytech-group.com\/de\/wp-json\/wp\/v2\/pages\/5670"}],"collection":[{"href":"https:\/\/raytech-group.com\/de\/wp-json\/wp\/v2\/pages"}],"about":[{"href":"https:\/\/raytech-group.com\/de\/wp-json\/wp\/v2\/types\/page"}],"author":[{"embeddable":true,"href":"https:\/\/raytech-group.com\/de\/wp-json\/wp\/v2\/users\/18"}],"replies":[{"embeddable":true,"href":"https:\/\/raytech-group.com\/de\/wp-json\/wp\/v2\/comments?post=5670"}],"version-history":[{"count":2,"href":"https:\/\/raytech-group.com\/de\/wp-json\/wp\/v2\/pages\/5670\/revisions"}],"predecessor-version":[{"id":5672,"href":"https:\/\/raytech-group.com\/de\/wp-json\/wp\/v2\/pages\/5670\/revisions\/5672"}],"wp:attachment":[{"href":"https:\/\/raytech-group.com\/de\/wp-json\/wp\/v2\/media?parent=5670"}],"curies":[{"name":"wp","href":"https:\/\/api.w.org\/{rel}","templated":true}]}}