{"id":4676,"date":"2017-09-02T23:32:38","date_gmt":"2017-09-02T21:32:38","guid":{"rendered":"https:\/\/raytech-group.com\/?page_id=4676"},"modified":"2022-01-17T12:05:56","modified_gmt":"2022-01-17T10:05:56","slug":"jobs","status":"publish","type":"page","link":"https:\/\/raytech-group.com\/de\/jobs\/","title":{"rendered":"Jobs"},"content":{"rendered":"<div id='av_section_1'  class='avia-section av-5kyue-c75084328abbe33e0069ab338a105816 main_color avia-section-default avia-no-shadow  avia-builder-el-0  avia-builder-el-no-sibling  avia-bg-style-scroll container_wrap sidebar_right'  ><div class='container av-section-cont-open' ><main  role=\"main\" itemprop=\"mainContentOfPage\"  class='template-page content  av-content-small alpha units'><div class='post-entry post-entry-type-page post-entry-4676'><div class='entry-content-wrapper clearfix'>\n\n<style type=\"text\/css\" data-created_by=\"avia_inline_auto\" id=\"style-css-av-1edskm-b2fb2a797e05d0afa987fcda90471eef\">\n.flex_column.av-1edskm-b2fb2a797e05d0afa987fcda90471eef{\nborder-radius:0px 0px 0px 0px;\n-webkit-border-radius:0px 0px 0px 0px;\n-moz-border-radius:0px 0px 0px 0px;\npadding:0px 0px 20px 0px;\n}\n<\/style>\n<div class='flex_column av-1edskm-b2fb2a797e05d0afa987fcda90471eef av_two_fifth  avia-builder-el-1  el_before_av_three_fifth  avia-builder-el-first  anticipo-tablet _hide-element first flex_column_div '   ><\/div>\n<style type=\"text\/css\" data-created_by=\"avia_inline_auto\" id=\"style-css-av-t8ywu-e9a9ba102b8dacbc8c0051ad2422890d\">\n.flex_column.av-t8ywu-e9a9ba102b8dacbc8c0051ad2422890d{\nborder-radius:0px 0px 0px 0px;\n-webkit-border-radius:0px 0px 0px 0px;\n-moz-border-radius:0px 0px 0px 0px;\n}\n<\/style>\n<div class='flex_column av-t8ywu-e9a9ba102b8dacbc8c0051ad2422890d av_three_fifth  avia-builder-el-2  el_after_av_two_fifth  avia-builder-el-last  anticipo-tablet _expand-to-full flex_column_div av-zero-column-padding '   ><p>\n<style type=\"text\/css\" data-created_by=\"avia_inline_auto\" id=\"style-css-av-rjse-e4b349bd9aa0192a17f6a16b8d46fcec\">\n#top .av-special-heading.av-rjse-e4b349bd9aa0192a17f6a16b8d46fcec{\npadding-bottom:10px;\ncolor:#c8102e;\n}\nbody .av-special-heading.av-rjse-e4b349bd9aa0192a17f6a16b8d46fcec .av-special-heading-tag .heading-char{\nfont-size:25px;\n}\n.av-special-heading.av-rjse-e4b349bd9aa0192a17f6a16b8d46fcec .special-heading-inner-border{\nborder-color:#c8102e;\n}\n.av-special-heading.av-rjse-e4b349bd9aa0192a17f6a16b8d46fcec .av-subheading{\nfont-size:15px;\n}\n<\/style>\n<div  class='av-special-heading av-rjse-e4b349bd9aa0192a17f6a16b8d46fcec av-special-heading-h2 custom-color-heading blockquote modern-quote modern-centered  avia-builder-el-3  el_before_av_textblock  avia-builder-el-first '><h2 class='av-special-heading-tag'  itemprop=\"headline\"  >Arbeiten Sie mit uns<\/h2><div class=\"special-heading-border\"><div class=\"special-heading-inner-border\"><\/div><\/div><\/div><br \/>\n<section  class='av_textblock_section av-cn6um-c0623d48420ad329167bdbce5781b674'  itemscope=\"itemscope\" itemtype=\"https:\/\/schema.org\/CreativeWork\" ><div class='avia_textblock'  itemprop=\"text\" ><p>Es gibt Jobs \u2013 und dann gibt es Karrieren. Wenn Sie nach der M\u00f6glichkeit suchen, sich selbst herauszufordern und neue F\u00e4higkeiten zu erlernen, w\u00e4hrend Sie von intelligenten, talentierten und motivierten Menschen umgeben sind, ist dies die Art von Arbeit, die Sie bei Raytech erwarten k\u00f6nnen. Klingt ansprechend?<\/p>\n<p>Starten Sie Ihre Karriere mit uns und f\u00fcllen Sie die untenstehende Online-Bewerbung aus.<\/p>\n<\/div><\/section><br \/>\n\n<style type=\"text\/css\" data-created_by=\"avia_inline_auto\" id=\"style-css-av-kxegqjer-167c78bf2c01485d4743d53adc3fb066\">\n#top .hr.hr-invisible.av-kxegqjer-167c78bf2c01485d4743d53adc3fb066{\nheight:50px;\n}\n<\/style>\n<div  class='hr av-kxegqjer-167c78bf2c01485d4743d53adc3fb066 hr-invisible  avia-builder-el-5  el_after_av_textblock  el_before_av_contact '><span class='hr-inner '><span class=\"hr-inner-style\"><\/span><\/span><\/div><br \/>\n<form action=\"https:\/\/raytech-group.com\/de\/jobs\/\" method=\"post\"  class=\"avia_ajax_form av-form-labels-visible   avia-builder-el-6  el_after_av_hr  avia-builder-el-last   \" data-avia-form-id=\"1\" data-avia-redirect='' ><h3 class=''>Bewerbungsformular<\/h3><fieldset><div id='avia_1_1' class='av-form-text'><\/p>\n<h3>Kontaktdaten<\/h3>\n<p>\n<\/div><p class='  first_form  form_element form_element_third' id='element_avia_2_1'><label for=\"avia_2_1\">Vorname <abbr class=\"required\" title=\"ben\u00f6tigt\">*<\/abbr><\/label> <input name=\"avia_2_1\" class=\"text_input is_empty\" type=\"text\" id=\"avia_2_1\" value=\"\" \/><\/p><p class='  form_element form_element_third' id='element_avia_3_1'><label for=\"avia_3_1\">Zweiter Name<\/label> <input name=\"avia_3_1\" class=\"text_input \" type=\"text\" id=\"avia_3_1\" value=\"\" \/><\/p><p class='  form_element form_element_third' id='element_avia_4_1'><label for=\"avia_4_1\">Familienname <abbr class=\"required\" title=\"ben\u00f6tigt\">*<\/abbr><\/label> <input name=\"avia_4_1\" class=\"text_input is_empty\" type=\"text\" id=\"avia_4_1\" value=\"\" \/><\/p><p class='  first_form  form_element form_element_half' id='element_avia_5_1'><label for=\"avia_5_1\">E-Mail <abbr class=\"required\" title=\"ben\u00f6tigt\">*<\/abbr><\/label> <input name=\"avia_5_1\" class=\"text_input is_email\" type=\"text\" id=\"avia_5_1\" value=\"\" \/><\/p><p class='  form_element form_element_half' id='element_avia_6_1'><label for=\"avia_6_1\">Telefonnummer <abbr class=\"required\" title=\"ben\u00f6tigt\">*<\/abbr><\/label> <input name=\"avia_6_1\" class=\"text_input is_phone\" type=\"text\" id=\"avia_6_1\" value=\"\" \/><\/p><div id='avia_7_1' class='av-form-text'><\/p>\n<h3>Besch\u00e4ftigungsfeld<\/h3>\n<p>\n<\/div><p class='  first_form  form_element form_element_third' id='element_avia_8_1'><label for=\"avia_8_1\">Sie suchen eine Stelle in: <abbr class=\"required\" title=\"ben\u00f6tigt\">*<\/abbr><\/label><select  name=\"avia_8_1\" class=\"select is_empty\" id=\"avia_8_1\"><option  value ='Weltweit'>Weltweit<\/option><option  value ='UK\/Europa'>UK\/Europa<\/option><option  value ='AU\/PAC'>AU\/PAC<\/option><\/select><\/p><p class='  form_element form_element_two_third' id='element_avia_9_1'><label for=\"avia_9_1\">Wohnort: <abbr class=\"required\" title=\"ben\u00f6tigt\">*<\/abbr><\/label> <input name=\"avia_9_1\" class=\"text_input is_empty\" type=\"text\" id=\"avia_9_1\" value=\"\" \/><\/p><p class='  first_form  form_element form_fullwidth' id='element_avia_10_1'><label for=\"avia_10_1\">H\u00f6chste abgeschlossene Ausbildung <abbr class=\"required\" title=\"ben\u00f6tigt\">*<\/abbr><\/label> <input name=\"avia_10_1\" class=\"text_input is_empty\" type=\"text\" id=\"avia_10_1\" value=\"\" \/><\/p><p class='  first_form  form_element form_element_third' id='element_avia_11_1'><label for=\"avia_11_1\">Spezialisierung <abbr class=\"required\" title=\"ben\u00f6tigt\">*<\/abbr><\/label><select multiple name=\"avia_11_1\" class=\"select is_empty av-multi-select\" id=\"avia_11_1\"><option  value ='Technologie'>Technologie<\/option><option  value ='Kundenservice'>Kundenservice<\/option><option  value ='Planung und EInkauf'>Planung und EInkauf<\/option><option  value ='Datenverarbeitung und Analyse'>Datenverarbeitung und Analyse<\/option><option  value ='Kundenbindung'>Kundenbindung<\/option><option  value ='Werbung'>Werbung<\/option><option  value ='Suche'>Suche<\/option><option  value ='Feldingenieur\/Kundenberater'>Feldingenieur\/Kundenberater<\/option><option  value ='Partnership'>Partnership<\/option><option  value ='Programmierer'>Programmierer<\/option><\/select><\/p><p class='  form_element form_element_two_third' id='element_avia_12_1'><label for=\"avia_12_1\" class=\"textare_label hidden textare_label_avia_12_1\">Einschl\u00e4giges Wissen und Erfahrung <abbr class=\"required\" title=\"ben\u00f6tigt\">*<\/abbr><\/label><textarea  name=\"avia_12_1\" class=\"text_area is_empty\" cols=\"40\" rows=\"7\" id=\"avia_12_1\" ><\/textarea><\/p><div id='avia_13_1' class='av-form-text'><\/p>\n<h3>Weitere Informationen<\/h3>\n<p>\n<\/div><p class='  first_form  form_element form_fullwidth' id='element_avia_14_1'><label for=\"avia_14_1\">Wo haben Sie von uns geh\u00f6rt?<\/label><select  name=\"avia_14_1\" class=\"select \" id=\"avia_14_1\"><option  value ='Google'>Google<\/option><option  value ='Linkedin'>Linkedin<\/option><option  value ='Twitter'>Twitter<\/option><option  value ='Word of mouth'>Word of mouth<\/option><option  value ='Existing Candidate'>Existing Candidate<\/option><option  value ='Other'>Other<\/option><\/select><\/p><p class='  first_form  form_element form_fullwidth' id='element_avia_15_1'><input  name=\"avia_15_1\" class=\"input_checkbox is_empty\" type=\"checkbox\" id=\"avia_15_1\" value=\"true\"\/><label class=\"input_checkbox_label\" for=\"avia_15_1\">Ich akzeptiere die <a href=\"https:\/\/raytech-group.com\/de\/geschaeftsbedingungen\/\" target=\"_blank\" rel=\"noopener\">Gesch\u00e4ftsbedingungen<\/a> und <a href=\"https:\/\/raytech-group.com\/de\/datenschutzbestimmung\/\" target=\"_blank\" rel=\"noopener\">Datenschutzbestimmungen<\/a>. Weiters bin ich damit einverstanden, dass Meine Daten zur Bearbeitung meines Anliegens elektronisch erfasst und verarbeitet werden. <abbr class=\"required\" title=\"ben\u00f6tigt\">*<\/abbr><\/label><\/p><div id='avia_16_1' class='av-form-text'><\/p>\n<h4>Wollen Sie uns dar\u00fcber hinaus noch etwas mitteilen?<\/h4>\n<p>\n<\/div><p class='  first_form  form_element form_fullwidth' id='element_avia_17_1'><label for=\"avia_17_1\">Betreff<\/label> <input name=\"avia_17_1\" class=\"text_input \" type=\"text\" id=\"avia_17_1\" value=\"\" \/><\/p><p class='  first_form  form_element form_fullwidth' id='element_avia_18_1'><label for=\"avia_18_1\" class=\"textare_label hidden textare_label_avia_18_1\">Nachricht<\/label><textarea  name=\"avia_18_1\" class=\"text_area \" cols=\"40\" rows=\"7\" id=\"avia_18_1\" ><\/textarea><\/p><p class=\"hidden\"><input type=\"text\" name=\"avia_19_1\" class=\"hidden \" id=\"avia_19_1\" value=\"\" \/><\/p><div id='avia_20_1' class='av-recaptcha-area  first_form  form_element form_fullwidth '  data-container_class=\"\" data-custom_class=\"\" data-context=\"av_contact_form\" data-token_input=\"av_recaptcha_token\" data-version=\"avia_recaptcha_v2\" data-theme=\"light\" data-size=\"normal\" data-score=\"0.5\" data-text_to_preview=\"\" data-value=\"\"><div class=\"av-google-badge-message hidden\">Diese Webseite ist durch Google reCAPTCHA gesch\u00fctzt. Es gelten die <a href=\"https:\/\/policies.google.com\/privacy\">Datenschutzrichtlinie<\/a> und die <a href = \"https:\/\/policies.google.com\/terms.com gesch\u00fctzt \">Nutzungsbedingungen<\/a>.<\/div><\/div><p class=\"form_element \"><input type=\"hidden\" value=\"1\" name=\"avia_generated_form1\" \/><input type=\"submit\" value=\"Einreichen\" class=\"button\"  data-sending-label=\"Sende\"\/><\/p><\/fieldset><div class=\"avia-disabled-form\">Dieses Kontaktformular ist deaktiviert, weil Sie die Annahme des Google reCaptcha-Dienstes abgelehnt haben, der zur \u00dcberpr\u00fcfung der vom Formular gesendeten Nachrichten erforderlich ist.<\/div><\/form><div id=\"ajaxresponse_1\" class=\"ajaxresponse ajaxresponse_1 hidden\"><\/div><\/p><\/div><\/div><\/div><\/main><!-- close content main element --><\/div><\/div><div id='after_section_1'  class='main_color av_default_container_wrap container_wrap sidebar_right'  ><div class='container av-section-cont-open' ><div class='template-page content  av-content-small alpha units'><div class='post-entry post-entry-type-page post-entry-4676'><div class='entry-content-wrapper clearfix'>\n","protected":false},"excerpt":{"rendered":"","protected":false},"author":4,"featured_media":0,"parent":0,"menu_order":0,"comment_status":"closed","ping_status":"closed","template":"","meta":[],"yoast_head":"<!-- This site is optimized with the Yoast SEO plugin v20.5 - https:\/\/yoast.com\/wordpress\/plugins\/seo\/ -->\n<title>Jobs - Raytech Group<\/title>\n<meta name=\"robots\" content=\"index, follow, max-snippet:-1, max-image-preview:large, max-video-preview:-1\" \/>\n<link rel=\"canonical\" href=\"https:\/\/raytech-group.com\/de\/jobs\/\" \/>\n<meta property=\"og:locale\" content=\"de_DE\" \/>\n<meta property=\"og:type\" content=\"article\" \/>\n<meta property=\"og:title\" content=\"Jobs - Raytech Group\" \/>\n<meta property=\"og:url\" content=\"https:\/\/raytech-group.com\/de\/jobs\/\" \/>\n<meta property=\"og:site_name\" content=\"Raytech Group\" \/>\n<meta property=\"article:modified_time\" content=\"2022-01-17T10:05:56+00:00\" \/>\n<meta name=\"twitter:card\" content=\"summary_large_image\" \/>\n<meta name=\"twitter:label1\" content=\"Gesch\u00e4tzte Lesezeit\" \/>\n\t<meta name=\"twitter:data1\" content=\"1\u00a0Minute\" \/>\n<script type=\"application\/ld+json\" class=\"yoast-schema-graph\">{\"@context\":\"https:\/\/schema.org\",\"@graph\":[{\"@type\":\"WebPage\",\"@id\":\"https:\/\/raytech-group.com\/de\/jobs\/\",\"url\":\"https:\/\/raytech-group.com\/de\/jobs\/\",\"name\":\"Jobs - Raytech Group\",\"isPartOf\":{\"@id\":\"https:\/\/raytech-group.com\/#website\"},\"datePublished\":\"2017-09-02T21:32:38+00:00\",\"dateModified\":\"2022-01-17T10:05:56+00:00\",\"breadcrumb\":{\"@id\":\"https:\/\/raytech-group.com\/de\/jobs\/#breadcrumb\"},\"inLanguage\":\"de\",\"potentialAction\":[{\"@type\":\"ReadAction\",\"target\":[\"https:\/\/raytech-group.com\/de\/jobs\/\"]}]},{\"@type\":\"BreadcrumbList\",\"@id\":\"https:\/\/raytech-group.com\/de\/jobs\/#breadcrumb\",\"itemListElement\":[{\"@type\":\"ListItem\",\"position\":1,\"name\":\"Home\",\"item\":\"https:\/\/raytech-group.com\/de\/\"},{\"@type\":\"ListItem\",\"position\":2,\"name\":\"Jobs\"}]},{\"@type\":\"WebSite\",\"@id\":\"https:\/\/raytech-group.com\/#website\",\"url\":\"https:\/\/raytech-group.com\/\",\"name\":\"Raytech Group\",\"description\":\"Total Connectivity Solutions\",\"potentialAction\":[{\"@type\":\"SearchAction\",\"target\":{\"@type\":\"EntryPoint\",\"urlTemplate\":\"https:\/\/raytech-group.com\/?s={search_term_string}\"},\"query-input\":\"required name=search_term_string\"}],\"inLanguage\":\"de\"}]}<\/script>\n<!-- \/ Yoast SEO plugin. -->","yoast_head_json":{"title":"Jobs - Raytech Group","robots":{"index":"index","follow":"follow","max-snippet":"max-snippet:-1","max-image-preview":"max-image-preview:large","max-video-preview":"max-video-preview:-1"},"canonical":"https:\/\/raytech-group.com\/de\/jobs\/","og_locale":"de_DE","og_type":"article","og_title":"Jobs - Raytech Group","og_url":"https:\/\/raytech-group.com\/de\/jobs\/","og_site_name":"Raytech Group","article_modified_time":"2022-01-17T10:05:56+00:00","twitter_card":"summary_large_image","twitter_misc":{"Gesch\u00e4tzte Lesezeit":"1\u00a0Minute"},"schema":{"@context":"https:\/\/schema.org","@graph":[{"@type":"WebPage","@id":"https:\/\/raytech-group.com\/de\/jobs\/","url":"https:\/\/raytech-group.com\/de\/jobs\/","name":"Jobs - Raytech Group","isPartOf":{"@id":"https:\/\/raytech-group.com\/#website"},"datePublished":"2017-09-02T21:32:38+00:00","dateModified":"2022-01-17T10:05:56+00:00","breadcrumb":{"@id":"https:\/\/raytech-group.com\/de\/jobs\/#breadcrumb"},"inLanguage":"de","potentialAction":[{"@type":"ReadAction","target":["https:\/\/raytech-group.com\/de\/jobs\/"]}]},{"@type":"BreadcrumbList","@id":"https:\/\/raytech-group.com\/de\/jobs\/#breadcrumb","itemListElement":[{"@type":"ListItem","position":1,"name":"Home","item":"https:\/\/raytech-group.com\/de\/"},{"@type":"ListItem","position":2,"name":"Jobs"}]},{"@type":"WebSite","@id":"https:\/\/raytech-group.com\/#website","url":"https:\/\/raytech-group.com\/","name":"Raytech Group","description":"Total Connectivity Solutions","potentialAction":[{"@type":"SearchAction","target":{"@type":"EntryPoint","urlTemplate":"https:\/\/raytech-group.com\/?s={search_term_string}"},"query-input":"required name=search_term_string"}],"inLanguage":"de"}]}},"_links":{"self":[{"href":"https:\/\/raytech-group.com\/de\/wp-json\/wp\/v2\/pages\/4676"}],"collection":[{"href":"https:\/\/raytech-group.com\/de\/wp-json\/wp\/v2\/pages"}],"about":[{"href":"https:\/\/raytech-group.com\/de\/wp-json\/wp\/v2\/types\/page"}],"author":[{"embeddable":true,"href":"https:\/\/raytech-group.com\/de\/wp-json\/wp\/v2\/users\/4"}],"replies":[{"embeddable":true,"href":"https:\/\/raytech-group.com\/de\/wp-json\/wp\/v2\/comments?post=4676"}],"version-history":[{"count":5,"href":"https:\/\/raytech-group.com\/de\/wp-json\/wp\/v2\/pages\/4676\/revisions"}],"predecessor-version":[{"id":6426,"href":"https:\/\/raytech-group.com\/de\/wp-json\/wp\/v2\/pages\/4676\/revisions\/6426"}],"wp:attachment":[{"href":"https:\/\/raytech-group.com\/de\/wp-json\/wp\/v2\/media?parent=4676"}],"curies":[{"name":"wp","href":"https:\/\/api.w.org\/{rel}","templated":true}]}}